{"id":782,"date":"2018-08-30T17:13:34","date_gmt":"2018-08-30T20:13:34","guid":{"rendered":"https:\/\/ifdcei-lrj.infd.edu.ar\/sitio\/autoridades-y-personal-no-docente\/"},"modified":"2022-05-12T21:52:04","modified_gmt":"2022-05-13T00:52:04","slug":"autoridades-y-personal-no-docente","status":"publish","type":"page","link":"https:\/\/ifdcei-lrj.infd.edu.ar\/sitio\/autoridades-y-personal-no-docente\/","title":{"rendered":"Autoridades y Personal No Docente"},"content":{"rendered":"<hr \/>\n<ul>\n<li>\n<h1><span style=\"color: #993300;\">Directora: CORZO, Rita Mariela<\/span><\/h1>\n<ul>\n<li>\n<h2><span style=\"color: #993300;\">Jefa de Dpto. de Formaci\u00f3n Inicial: FLORES, Noem\u00ed del Valle<\/span><\/h2>\n<\/li>\n<li>\n<h2><span style=\"color: #993300;\">Jefa de Dpto. de Investigaci\u00f3n, Promoci\u00f3n y Desarrollo Educativo: LLANOS, Elsa Yolanda<\/span><\/h2>\n<\/li>\n<li>\n<h2><span style=\"color: #993300;\">Jefa de Dpto. de Desarrollo Profesional Educativo: RODRIGUEZ, Nadia<\/span><\/h2>\n<\/li>\n<\/ul>\n<\/li>\n<\/ul>\n<h2 style=\"padding-left: 40px;\"><span style=\"color: #993300;\">Secretaria: GUTIERREZ, Daniela<\/span><\/h2>\n<h2><span style=\"color: #993300;\">Bedeles:<\/span><\/h2>\n<ul>\n<li style=\"list-style-type: none;\">\n<ul>\n<li>\n<h2><span style=\"color: #993300;\">CARRIZO Dalma Soledad<\/span><\/h2>\n<\/li>\n<li>\n<h2><span style=\"color: #993300;\">Santill\u00e1n Brenda<\/span><\/h2>\n<\/li>\n<\/ul>\n<\/li>\n<\/ul>\n<h2><span style=\"color: #993300;\">Coordinadora Provincial de Pol\u00edticas Estudiantiles:<\/span><\/h2>\n<ul>\n<li style=\"list-style-type: none;\">\n<ul>\n<li>\n<h2><span style=\"color: #993300;\">Soria Roxana Elizabeth<\/span><\/h2>\n<\/li>\n<\/ul>\n<\/li>\n<\/ul>\n<h2><span style=\"color: #993300;\">Personal de Maestranza:<\/span><\/h2>\n<ul>\n<li style=\"list-style-type: none;\">\n<ul>\n<li>\n<h2><span style=\"color: #993300;\">Romero Silvana<\/span><\/h2>\n<\/li>\n<li>\n<h2><span style=\"color: #993300;\">Ch\u00e1vez Mart\u00edn<\/span><\/h2>\n<\/li>\n<\/ul>\n<\/li>\n<\/ul>\n\n\n<figure class=\"wp-block-image size-large\"><img decoding=\"async\" loading=\"lazy\" width=\"1900\" height=\"190\" src=\"https:\/\/ifdcei-lrj.infd.edu.ar\/sitio\/wp-content\/uploads\/2022\/05\/pngwing.com-2-1900x190.png\" alt=\"\" class=\"wp-image-1141\" srcset=\"https:\/\/ifdcei-lrj.infd.edu.ar\/sitio\/wp-content\/uploads\/2022\/05\/pngwing.com-2-1900x190.png 1900w, https:\/\/ifdcei-lrj.infd.edu.ar\/sitio\/wp-content\/uploads\/2022\/05\/pngwing.com-2-1000x100.png 1000w, https:\/\/ifdcei-lrj.infd.edu.ar\/sitio\/wp-content\/uploads\/2022\/05\/pngwing.com-2-768x77.png 768w, https:\/\/ifdcei-lrj.infd.edu.ar\/sitio\/wp-content\/uploads\/2022\/05\/pngwing.com-2-1536x153.png 1536w, https:\/\/ifdcei-lrj.infd.edu.ar\/sitio\/wp-content\/uploads\/2022\/05\/pngwing.com-2.png 2022w\" sizes=\"(max-width: 1900px) 100vw, 1900px\" \/><\/figure>\n","protected":false},"excerpt":{"rendered":"<p>Directora: CORZO, Rita Mariela Jefa de Dpto. de Formaci\u00f3n Inicial: FLORES, Noem\u00ed del Valle Jefa de Dpto. de Investigaci\u00f3n, Promoci\u00f3n y Desarrollo Educativo: LLANOS, Elsa Yolanda Jefa de Dpto. de Desarrollo Profesional Educativo: RODRIGUEZ, Nadia Secretaria: GUTIERREZ, Daniela Bedeles: CARRIZO Dalma Soledad Santill\u00e1n Brenda Coordinadora Provincial de Pol\u00edticas Estudiantiles: Soria Roxana Elizabeth Personal de Maestranza: &#8230; <a title=\"Autoridades y Personal No Docente\" class=\"read-more\" href=\"https:\/\/ifdcei-lrj.infd.edu.ar\/sitio\/autoridades-y-personal-no-docente\/\" aria-label=\"More on Autoridades y Personal No Docente\">[+]<\/a><\/p>\n","protected":false},"author":176,"featured_media":0,"parent":0,"menu_order":0,"comment_status":"closed","ping_status":"closed","template":"","meta":[],"acf":[],"_links":{"self":[{"href":"https:\/\/ifdcei-lrj.infd.edu.ar\/sitio\/wp-json\/wp\/v2\/pages\/782"}],"collection":[{"href":"https:\/\/ifdcei-lrj.infd.edu.ar\/sitio\/wp-json\/wp\/v2\/pages"}],"about":[{"href":"https:\/\/ifdcei-lrj.infd.edu.ar\/sitio\/wp-json\/wp\/v2\/types\/page"}],"author":[{"embeddable":true,"href":"https:\/\/ifdcei-lrj.infd.edu.ar\/sitio\/wp-json\/wp\/v2\/users\/176"}],"replies":[{"embeddable":true,"href":"https:\/\/ifdcei-lrj.infd.edu.ar\/sitio\/wp-json\/wp\/v2\/comments?post=782"}],"version-history":[{"count":4,"href":"https:\/\/ifdcei-lrj.infd.edu.ar\/sitio\/wp-json\/wp\/v2\/pages\/782\/revisions"}],"predecessor-version":[{"id":1144,"href":"https:\/\/ifdcei-lrj.infd.edu.ar\/sitio\/wp-json\/wp\/v2\/pages\/782\/revisions\/1144"}],"wp:attachment":[{"href":"https:\/\/ifdcei-lrj.infd.edu.ar\/sitio\/wp-json\/wp\/v2\/media?parent=782"}],"curies":[{"name":"wp","href":"https:\/\/api.w.org\/{rel}","templated":true}]}}