{"id":778,"date":"2018-08-30T17:13:32","date_gmt":"2018-08-30T20:13:32","guid":{"rendered":"https:\/\/ifdcei-lrj.infd.edu.ar\/sitio\/plan-de-estudios\/"},"modified":"2022-05-09T20:09:54","modified_gmt":"2022-05-09T23:09:54","slug":"plan-de-estudios","status":"publish","type":"page","link":"https:\/\/ifdcei-lrj.infd.edu.ar\/sitio\/plan-de-estudios\/","title":{"rendered":"Plan de estudios"},"content":{"rendered":"\n<figure class=\"wp-block-table aligncenter is-style-stripes\"><table class=\"has-subtle-pale-pink-background-color has-background\"><tbody><tr><td><strong>PRIMER A\u00d1O<\/strong><\/td><\/tr><\/tbody><\/table><\/figure>\n\n\n\n<figure class=\"wp-block-table is-style-stripes\"><table class=\"has-subtle-pale-green-background-color has-background\"><tbody><tr><td><strong>UNIDAD CURRICULAR<\/strong><\/td><td class=\"has-text-align-center\" data-align=\"center\"><strong>ANUAL<\/strong><\/td><td class=\"has-text-align-center\" data-align=\"center\"><strong>1\u00b0 CUATRIM.<\/strong><\/td><td class=\"has-text-align-center\" data-align=\"center\"><strong>2\u00b0 CUATRIM.<\/strong><\/td><\/tr><tr><td>Lectura y Escritura Acad\u00e9mica<\/td><td class=\"has-text-align-center\" data-align=\"center\">*<\/td><td class=\"has-text-align-center\" data-align=\"center\"><\/td><td class=\"has-text-align-center\" data-align=\"center\"><\/td><\/tr><tr><td>Pedagog\u00eda<\/td><td class=\"has-text-align-center\" data-align=\"center\">*<\/td><td class=\"has-text-align-center\" data-align=\"center\"><\/td><td class=\"has-text-align-center\" data-align=\"center\"><\/td><\/tr><tr><td>Psicolog\u00eda Educacional<\/td><td class=\"has-text-align-center\" data-align=\"center\"><\/td><td class=\"has-text-align-center\" data-align=\"center\">*<\/td><td class=\"has-text-align-center\" data-align=\"center\"><\/td><\/tr><tr><td>Did\u00e1ctica General I<\/td><td class=\"has-text-align-center\" data-align=\"center\"><\/td><td class=\"has-text-align-center\" data-align=\"center\"><\/td><td class=\"has-text-align-center\" data-align=\"center\">*<\/td><\/tr><tr><td>Tecnolog\u00edas de la Informac. y Comunicaci\u00f3n en el Nivel Inicial<\/td><td class=\"has-text-align-center\" data-align=\"center\"><\/td><td class=\"has-text-align-center\" data-align=\"center\"><\/td><td class=\"has-text-align-center\" data-align=\"center\">*<\/td><\/tr><tr><td>Problem\u00e1ticas Contempor\u00e1neas de la Educaci\u00f3n Inicial<\/td><td class=\"has-text-align-center\" data-align=\"center\">*<\/td><td class=\"has-text-align-center\" data-align=\"center\"><\/td><td class=\"has-text-align-center\" data-align=\"center\"><\/td><\/tr><tr><td>Sujetos de la Educaci\u00f3n Inicial<\/td><td class=\"has-text-align-center\" data-align=\"center\">*<\/td><td class=\"has-text-align-center\" data-align=\"center\"><\/td><td class=\"has-text-align-center\" data-align=\"center\"><\/td><\/tr><tr><td>Lenguajes Art\u00edsticos<\/td><td class=\"has-text-align-center\" data-align=\"center\">*<\/td><td class=\"has-text-align-center\" data-align=\"center\"><\/td><td class=\"has-text-align-center\" data-align=\"center\"><\/td><\/tr><tr><td>La Lengua y su Ense\u00f1anza<\/td><td class=\"has-text-align-center\" data-align=\"center\">*<\/td><td class=\"has-text-align-center\" data-align=\"center\"><\/td><td class=\"has-text-align-center\" data-align=\"center\"><\/td><\/tr><tr><td>Introducci\u00f3n a la realidad educativa de las instituciones, los sujetos y sus contextos<\/td><td class=\"has-text-align-center\" data-align=\"center\">*<\/td><td class=\"has-text-align-center\" data-align=\"center\"><\/td><td class=\"has-text-align-center\" data-align=\"center\"><\/td><\/tr><\/tbody><\/table><\/figure>\n\n\n\n<figure class=\"wp-block-table aligncenter is-style-stripes\"><table class=\"has-subtle-pale-pink-background-color has-background\"><tbody><tr><td><strong>SEGUNDO A\u00d1O<\/strong><\/td><\/tr><\/tbody><\/table><\/figure>\n\n\n\n<figure class=\"wp-block-table is-style-stripes\"><table class=\"has-subtle-pale-green-background-color has-background\"><tbody><tr><td><strong>UNIDAD CURRICULAR<\/strong><\/td><td class=\"has-text-align-center\" data-align=\"center\"><strong>ANUAL<\/strong><\/td><td class=\"has-text-align-center\" data-align=\"center\"><strong>1\u00b0 CUATRIM<\/strong>.<\/td><td class=\"has-text-align-center\" data-align=\"center\"><strong>2\u00b0 CUATRIM<\/strong>.<\/td><\/tr><tr><td>Filosof\u00eda<\/td><td class=\"has-text-align-center\" data-align=\"center\">*<\/td><td class=\"has-text-align-center\" data-align=\"center\"><\/td><td class=\"has-text-align-center\" data-align=\"center\"><\/td><\/tr><tr><td>Did\u00e1ctica General II<\/td><td class=\"has-text-align-center\" data-align=\"center\"><\/td><td class=\"has-text-align-center\" data-align=\"center\">*<\/td><td class=\"has-text-align-center\" data-align=\"center\"><\/td><\/tr><tr><td>Historia y Pol\u00edtica de la Educaci\u00f3n Argentina<\/td><td class=\"has-text-align-center\" data-align=\"center\"><\/td><td class=\"has-text-align-center\" data-align=\"center\"><\/td><td class=\"has-text-align-center\" data-align=\"center\">*<\/td><\/tr><tr><td>Literatura Infantil y su Ense\u00f1anza<\/td><td class=\"has-text-align-center\" data-align=\"center\">*<\/td><td class=\"has-text-align-center\" data-align=\"center\"><\/td><td class=\"has-text-align-center\" data-align=\"center\"><\/td><\/tr><tr><td>Matem\u00e1tica y su Ense\u00f1anza<\/td><td class=\"has-text-align-center\" data-align=\"center\">*<\/td><td class=\"has-text-align-center\" data-align=\"center\"><\/td><td class=\"has-text-align-center\" data-align=\"center\"><\/td><\/tr><tr><td>Educaci\u00f3n F\u00edsica<\/td><td class=\"has-text-align-center\" data-align=\"center\">*<\/td><td class=\"has-text-align-center\" data-align=\"center\"><\/td><td class=\"has-text-align-center\" data-align=\"center\"><\/td><\/tr><tr><td>Lenguaje Corporal y Pl\u00e1stica Visual<\/td><td class=\"has-text-align-center\" data-align=\"center\"><\/td><td class=\"has-text-align-center\" data-align=\"center\">*<\/td><td class=\"has-text-align-center\" data-align=\"center\"><\/td><\/tr><tr><td>Did\u00e1ctica de la Educaci\u00f3n Inicial I<\/td><td class=\"has-text-align-center\" data-align=\"center\"><\/td><td class=\"has-text-align-center\" data-align=\"center\"><\/td><td class=\"has-text-align-center\" data-align=\"center\">*<\/td><\/tr><tr><td>Pr\u00e1ctica II<\/td><td class=\"has-text-align-center\" data-align=\"center\">*<\/td><td class=\"has-text-align-center\" data-align=\"center\"><\/td><td class=\"has-text-align-center\" data-align=\"center\"><\/td><\/tr><\/tbody><\/table><\/figure>\n\n\n\n<figure class=\"wp-block-table aligncenter is-style-stripes\"><table class=\"has-subtle-light-gray-background-color has-background\"><tbody><tr><td><strong>TERCER A\u00d1O<\/strong><\/td><\/tr><\/tbody><\/table><\/figure>\n\n\n\n<figure class=\"wp-block-table is-style-stripes\"><table class=\"has-subtle-pale-green-background-color has-background\"><tbody><tr><td><strong>UNIDAD CURRICULAR<\/strong><\/td><td class=\"has-text-align-center\" data-align=\"center\"><strong>ANUAL<\/strong><\/td><td class=\"has-text-align-center\" data-align=\"center\"><strong>1\u00b0 CUATRIM.<\/strong><\/td><td class=\"has-text-align-center\" data-align=\"center\"><strong>2\u00b0 CUATRIM.<\/strong><\/td><\/tr><tr><td>ESI (Educaci\u00f3n Sexual Integral)<\/td><td class=\"has-text-align-center\" data-align=\"center\">*<\/td><td class=\"has-text-align-center\" data-align=\"center\"><\/td><td class=\"has-text-align-center\" data-align=\"center\"><\/td><\/tr><tr><td>Ciencias Sociales y su Ense\u00f1anza<\/td><td class=\"has-text-align-center\" data-align=\"center\">*<\/td><td class=\"has-text-align-center\" data-align=\"center\"><\/td><td class=\"has-text-align-center\" data-align=\"center\"><\/td><\/tr><tr><td>Ciencias Naturales y su Ense\u00f1anza<\/td><td class=\"has-text-align-center\" data-align=\"center\">*<\/td><td class=\"has-text-align-center\" data-align=\"center\"><\/td><td class=\"has-text-align-center\" data-align=\"center\"><\/td><\/tr><tr><td>Did\u00e1ctica de la Educaci\u00f3n Inicial y su Ense\u00f1anza<\/td><td class=\"has-text-align-center\" data-align=\"center\">*<\/td><td class=\"has-text-align-center\" data-align=\"center\"><\/td><td class=\"has-text-align-center\" data-align=\"center\"><\/td><\/tr><tr><td>Pr\u00e1cticas del Lenguaje y su Ense\u00f1anza<\/td><td class=\"has-text-align-center\" data-align=\"center\">*<\/td><td class=\"has-text-align-center\" data-align=\"center\"><\/td><td class=\"has-text-align-center\" data-align=\"center\"><\/td><\/tr><tr><td>Lenguaje Musical<\/td><td class=\"has-text-align-center\" data-align=\"center\">*<\/td><td class=\"has-text-align-center\" data-align=\"center\"><\/td><td class=\"has-text-align-center\" data-align=\"center\"><\/td><\/tr><tr><td>Pr\u00e1ctica III<\/td><td class=\"has-text-align-center\" data-align=\"center\">*<\/td><td class=\"has-text-align-center\" data-align=\"center\"><\/td><td class=\"has-text-align-center\" data-align=\"center\"><\/td><\/tr><\/tbody><\/table><\/figure>\n\n\n\n<figure class=\"wp-block-table aligncenter is-style-stripes\"><table class=\"has-subtle-light-gray-background-color has-background\"><tbody><tr><td><strong>CUARTO A\u00d1O<\/strong><\/td><\/tr><\/tbody><\/table><\/figure>\n\n\n\n<figure class=\"wp-block-table is-style-stripes\"><table class=\"has-subtle-pale-green-background-color has-background\"><tbody><tr><td><strong>UNIDAD CURRICULAR<\/strong><\/td><td class=\"has-text-align-center\" data-align=\"center\"><strong>ANUAL<\/strong><\/td><td class=\"has-text-align-center\" data-align=\"center\"><strong>1\u00b0 CUATRIM.<\/strong><\/td><td class=\"has-text-align-center\" data-align=\"center\"><strong>2\u00b0 CUATRIM.<\/strong><\/td><\/tr><tr><td>Investigaci\u00f3n Educativa<\/td><td class=\"has-text-align-center\" data-align=\"center\">*<\/td><td class=\"has-text-align-center\" data-align=\"center\"><\/td><td class=\"has-text-align-center\" data-align=\"center\"><\/td><\/tr><tr><td>Sociolog\u00eda de la Educaci\u00f3n<\/td><td class=\"has-text-align-center\" data-align=\"center\"><\/td><td class=\"has-text-align-center\" data-align=\"center\">*<\/td><td class=\"has-text-align-center\" data-align=\"center\"><\/td><\/tr><tr><td>E.D.I. (Espacio de Definici\u00f3n Institucional)<\/td><td class=\"has-text-align-center\" data-align=\"center\"><\/td><td class=\"has-text-align-center\" data-align=\"center\"><\/td><td class=\"has-text-align-center\" data-align=\"center\">*<\/td><\/tr><tr><td>El Juego y su Did\u00e1ctica|<\/td><td class=\"has-text-align-center\" data-align=\"center\">*<\/td><td class=\"has-text-align-center\" data-align=\"center\"><\/td><td class=\"has-text-align-center\" data-align=\"center\"><\/td><\/tr><tr><td>Educaci\u00f3n para la Salud y Educaci\u00f3n Ambiental<\/td><td class=\"has-text-align-center\" data-align=\"center\">*<\/td><td class=\"has-text-align-center\" data-align=\"center\"><\/td><td class=\"has-text-align-center\" data-align=\"center\"><\/td><\/tr><tr><td>Alfabetizaci\u00f3n Inicial y Cultural<\/td><td class=\"has-text-align-center\" data-align=\"center\">*<\/td><td class=\"has-text-align-center\" data-align=\"center\"><\/td><td class=\"has-text-align-center\" data-align=\"center\"><\/td><\/tr><tr><td>El Juego en la Ense\u00f1anza de la Matematica<\/td><td class=\"has-text-align-center\" data-align=\"center\"><\/td><td class=\"has-text-align-center\" data-align=\"center\">*<\/td><td class=\"has-text-align-center\" data-align=\"center\"><\/td><\/tr><tr><td>E.D.I. (Espacio de Definici\u00f3n Institucional)<\/td><td class=\"has-text-align-center\" data-align=\"center\"><\/td><td class=\"has-text-align-center\" data-align=\"center\"><\/td><td class=\"has-text-align-center\" data-align=\"center\">*<\/td><\/tr><tr><td>Residencia Pedag\u00f3gica Pr\u00e1ctica Docente<\/td><td class=\"has-text-align-center\" data-align=\"center\">*<\/td><td class=\"has-text-align-center\" data-align=\"center\"><\/td><td class=\"has-text-align-center\" data-align=\"center\"><\/td><\/tr><\/tbody><\/table><\/figure>\n","protected":false},"excerpt":{"rendered":"<p>PRIMER A\u00d1O UNIDAD CURRICULAR ANUAL 1\u00b0 CUATRIM. 2\u00b0 CUATRIM. Lectura y Escritura Acad\u00e9mica * Pedagog\u00eda * Psicolog\u00eda Educacional * Did\u00e1ctica General I * Tecnolog\u00edas de la Informac. y Comunicaci\u00f3n en el Nivel Inicial * Problem\u00e1ticas Contempor\u00e1neas de la Educaci\u00f3n Inicial * Sujetos de la Educaci\u00f3n Inicial * Lenguajes Art\u00edsticos * La Lengua y su Ense\u00f1anza &#8230; <a title=\"Plan de estudios\" class=\"read-more\" href=\"https:\/\/ifdcei-lrj.infd.edu.ar\/sitio\/plan-de-estudios\/\" aria-label=\"More on Plan de estudios\">[+]<\/a><\/p>\n","protected":false},"author":176,"featured_media":0,"parent":0,"menu_order":0,"comment_status":"closed","ping_status":"closed","template":"","meta":[],"acf":[],"_links":{"self":[{"href":"https:\/\/ifdcei-lrj.infd.edu.ar\/sitio\/wp-json\/wp\/v2\/pages\/778"}],"collection":[{"href":"https:\/\/ifdcei-lrj.infd.edu.ar\/sitio\/wp-json\/wp\/v2\/pages"}],"about":[{"href":"https:\/\/ifdcei-lrj.infd.edu.ar\/sitio\/wp-json\/wp\/v2\/types\/page"}],"author":[{"embeddable":true,"href":"https:\/\/ifdcei-lrj.infd.edu.ar\/sitio\/wp-json\/wp\/v2\/users\/176"}],"replies":[{"embeddable":true,"href":"https:\/\/ifdcei-lrj.infd.edu.ar\/sitio\/wp-json\/wp\/v2\/comments?post=778"}],"version-history":[{"count":10,"href":"https:\/\/ifdcei-lrj.infd.edu.ar\/sitio\/wp-json\/wp\/v2\/pages\/778\/revisions"}],"predecessor-version":[{"id":1095,"href":"https:\/\/ifdcei-lrj.infd.edu.ar\/sitio\/wp-json\/wp\/v2\/pages\/778\/revisions\/1095"}],"wp:attachment":[{"href":"https:\/\/ifdcei-lrj.infd.edu.ar\/sitio\/wp-json\/wp\/v2\/media?parent=778"}],"curies":[{"name":"wp","href":"https:\/\/api.w.org\/{rel}","templated":true}]}}