{"id":776,"date":"2018-08-30T17:13:32","date_gmt":"2018-08-30T20:13:32","guid":{"rendered":"https:\/\/ifdcei-lrj.infd.edu.ar\/sitio\/docentes\/"},"modified":"2022-05-12T21:05:33","modified_gmt":"2022-05-13T00:05:33","slug":"docentes","status":"publish","type":"page","link":"https:\/\/ifdcei-lrj.infd.edu.ar\/sitio\/docentes\/","title":{"rendered":"Docentes"},"content":{"rendered":"\n<figure class=\"wp-block-table is-style-stripes\"><table class=\"has-subtle-pale-green-background-color has-fixed-layout has-background\"><tbody><tr><td class=\"has-text-align-center\" data-align=\"center\"><strong>PRIMER A\u00d1O<\/strong><\/td><\/tr><\/tbody><\/table><\/figure>\n\n\n\n<figure class=\"wp-block-table is-style-stripes\"><table><tbody><tr><td class=\"has-text-align-left\" data-align=\"left\"><strong>UNIDAD CURRICULAR<\/strong><\/td><td class=\"has-text-align-left\" data-align=\"left\"><strong>DOCENTE<\/strong><\/td><\/tr><tr><td class=\"has-text-align-left\" data-align=\"left\">Lengua y Escritura Acad\u00e9mica<\/td><td class=\"has-text-align-left\" data-align=\"left\">ESPECHE Nicol\u00e1s<\/td><\/tr><tr><td class=\"has-text-align-left\" data-align=\"left\">Pedagog\u00eda<\/td><td class=\"has-text-align-left\" data-align=\"left\">GARCIA Eduardo<\/td><\/tr><tr><td class=\"has-text-align-left\" data-align=\"left\">Psicolog\u00eda Educacional<\/td><td class=\"has-text-align-left\" data-align=\"left\">GARCIA Eduardo<\/td><\/tr><tr><td class=\"has-text-align-left\" data-align=\"left\">Did\u00e1ctica General<\/td><td class=\"has-text-align-left\" data-align=\"left\">GARCIA Eduardo<\/td><\/tr><tr><td class=\"has-text-align-left\" data-align=\"left\">Tecnolog\u00edas de la Inform. y Comunc. en el Nivel Inicial<\/td><td class=\"has-text-align-left\" data-align=\"left\">ESPECHE Leyla<\/td><\/tr><tr><td class=\"has-text-align-left\" data-align=\"left\">Problem\u00e1ticas contempor\u00e1neas de la Educ. Inicial<\/td><td class=\"has-text-align-left\" data-align=\"left\">FLORES Noem\u00ed &#8211; NIEVAS Cristina<\/td><\/tr><tr><td class=\"has-text-align-left\" data-align=\"left\">Sujetos de la Educaci\u00f3n Inicial<\/td><td class=\"has-text-align-left\" data-align=\"left\">LUNA Mariangel<\/td><\/tr><tr><td class=\"has-text-align-left\" data-align=\"left\">Lenguajes Art\u00edsticos<\/td><td class=\"has-text-align-left\" data-align=\"left\">MERCADO Andrea<\/td><\/tr><tr><td class=\"has-text-align-left\" data-align=\"left\">La Lengua y su Ense\u00f1anza<\/td><td class=\"has-text-align-left\" data-align=\"left\">ESPECHE Nicol\u00e1s<\/td><\/tr><tr><td class=\"has-text-align-left\" data-align=\"left\">Introduc. a la realidad educ. de las Instituciones<\/td><td class=\"has-text-align-left\" data-align=\"left\">LUNA Mariangel<\/td><\/tr><\/tbody><\/table><\/figure>\n\n\n\n<figure class=\"wp-block-table is-style-stripes\"><table><tbody><tr><td class=\"has-text-align-center\" data-align=\"center\"><strong>SEGUNDO A\u00d1O<\/strong><\/td><\/tr><\/tbody><\/table><\/figure>\n\n\n\n<figure class=\"wp-block-table is-style-stripes\"><table><tbody><tr><td><strong>UNIDAD CURRICULAR<\/strong><\/td><td><strong>DOCENTE<\/strong><\/td><\/tr><tr><td>Filosof\u00eda<\/td><td>NIEVAS Cristina<\/td><\/tr><tr><td>Did\u00e1ctica General II<\/td><td>NIEVAS Cristina<\/td><\/tr><tr><td>Historia y Pol\u00edtica de la Educaci\u00f3n Argentina<\/td><td>GALLARDO Nicol\u00e1s<\/td><\/tr><tr><td>Literatura Infantil y su ense\u00f1anza<\/td><td>RODRIGUEZ Nadia<\/td><\/tr><tr><td>Matem\u00e1tica y su ense\u00f1anza<\/td><td>AMAYA Luis<\/td><\/tr><tr><td>Educaci\u00f3n F\u00edsica<\/td><td>GONZALEZ Gisela<\/td><\/tr><tr><td>Lenguaje Corporal y Pl\u00e1stica Visual<\/td><td>MERCADO Andrea<\/td><\/tr><tr><td>Did\u00e1ctica de la Educaci\u00f3n Inicial I<\/td><td>LUNA Mariangel<\/td><\/tr><tr><td>Pr\u00e1ctica II<\/td><td>SIEBER Silvia<\/td><\/tr><\/tbody><\/table><\/figure>\n\n\n\n<figure class=\"wp-block-table is-style-stripes\"><table><tbody><tr><td class=\"has-text-align-center\" data-align=\"center\"><strong>TERCER A\u00d1O<\/strong><\/td><\/tr><\/tbody><\/table><\/figure>\n\n\n\n<figure class=\"wp-block-table is-style-stripes\"><table><tbody><tr><td><strong>UNIDAD CURRICULAR<\/strong><\/td><td><strong>DOCENTE<\/strong><\/td><\/tr><tr><td>E.S.I. (Educaci\u00f3n Sexual Integral)<\/td><td>SIEBER Silvia<\/td><\/tr><tr><td>Ciencias Sociales y su ense\u00f1anza<\/td><td>AVILA Javier<\/td><\/tr><tr><td>Ciencias Naturales y su ense\u00f1anza<\/td><td>CARRIZO Melisa<\/td><\/tr><tr><td>Did\u00e1ctica de la Educaci\u00f3n Inicial II<\/td><td>GARCIA Eduardo<\/td><\/tr><tr><td>Pr\u00e1cticas del Lenguaje y su ense\u00f1anza<\/td><td><\/td><\/tr><tr><td>Lenguaje Musical<\/td><td>ROBLES Gloria<\/td><\/tr><tr><td>Pr\u00e1ctica III<\/td><td>GARCIA Eduardo &#8211; AVILA Javier<\/td><\/tr><\/tbody><\/table><\/figure>\n\n\n\n<figure class=\"wp-block-table is-style-stripes\"><table><tbody><tr><td class=\"has-text-align-center\" data-align=\"center\"><strong>CUARTO A\u00d1O<\/strong><\/td><\/tr><\/tbody><\/table><\/figure>\n\n\n\n<figure class=\"wp-block-table is-style-stripes\"><table><tbody><tr><td class=\"has-text-align-left\" data-align=\"left\"><strong>UNIDAD CURRICULAR<\/strong><\/td><td><strong>DOCENTE<\/strong><\/td><\/tr><tr><td class=\"has-text-align-left\" data-align=\"left\">Investigaci\u00f3n Educativa<\/td><td>CACERES M\u00f3nica<\/td><\/tr><tr><td class=\"has-text-align-left\" data-align=\"left\">Sociolog\u00eda de la Educaci\u00f3n<\/td><td>NIEVAS Cristina<\/td><\/tr><tr><td class=\"has-text-align-left\" data-align=\"left\">E.D.I. (Espacio de Definici\u00f3n Institucional)<\/td><td><\/td><\/tr><tr><td class=\"has-text-align-left\" data-align=\"left\">El Juego y su did\u00e1ctica<\/td><td>LUNA Mariangel &#8211; SIEBER Silvia<\/td><\/tr><tr><td class=\"has-text-align-left\" data-align=\"left\">Educaci\u00f3n para la Salud y Educaci\u00f3n Ambiental<\/td><td>AVILA Javier &#8211; CARRIZO Melisa<\/td><\/tr><tr><td class=\"has-text-align-left\" data-align=\"left\">Alfabetizaci\u00f3n inicial y cultural<\/td><td>ESPECHE Nicol\u00e1s<\/td><\/tr><tr><td class=\"has-text-align-left\" data-align=\"left\">El Juego en la ense\u00f1anza de la Matem\u00e1tica<\/td><td>AMAYA Luis<\/td><\/tr><tr><td class=\"has-text-align-left\" data-align=\"left\">E.D.I. (Espacio de Definici\u00f3n Institucional)<\/td><td><\/td><\/tr><tr><td class=\"has-text-align-left\" data-align=\"left\">Residencia Pedag\u00f3gica<\/td><td>FLORES Noem\u00ed &#8211; LUNA Mariangel<\/td><\/tr><\/tbody><\/table><\/figure>\n\n\n\n<div class=\"wp-block-columns is-layout-flex wp-container-1\"><\/div>\n\n\n\n<p><\/p>\n","protected":false},"excerpt":{"rendered":"<p>PRIMER A\u00d1O UNIDAD CURRICULAR DOCENTE Lengua y Escritura Acad\u00e9mica ESPECHE Nicol\u00e1s Pedagog\u00eda GARCIA Eduardo Psicolog\u00eda Educacional GARCIA Eduardo Did\u00e1ctica General GARCIA Eduardo Tecnolog\u00edas de la Inform. y Comunc. en el Nivel Inicial ESPECHE Leyla Problem\u00e1ticas contempor\u00e1neas de la Educ. Inicial FLORES Noem\u00ed &#8211; NIEVAS Cristina Sujetos de la Educaci\u00f3n Inicial LUNA Mariangel Lenguajes Art\u00edsticos MERCADO &#8230; <a title=\"Docentes\" class=\"read-more\" href=\"https:\/\/ifdcei-lrj.infd.edu.ar\/sitio\/docentes\/\" aria-label=\"More on Docentes\">[+]<\/a><\/p>\n","protected":false},"author":176,"featured_media":0,"parent":0,"menu_order":0,"comment_status":"closed","ping_status":"closed","template":"","meta":[],"acf":[],"_links":{"self":[{"href":"https:\/\/ifdcei-lrj.infd.edu.ar\/sitio\/wp-json\/wp\/v2\/pages\/776"}],"collection":[{"href":"https:\/\/ifdcei-lrj.infd.edu.ar\/sitio\/wp-json\/wp\/v2\/pages"}],"about":[{"href":"https:\/\/ifdcei-lrj.infd.edu.ar\/sitio\/wp-json\/wp\/v2\/types\/page"}],"author":[{"embeddable":true,"href":"https:\/\/ifdcei-lrj.infd.edu.ar\/sitio\/wp-json\/wp\/v2\/users\/176"}],"replies":[{"embeddable":true,"href":"https:\/\/ifdcei-lrj.infd.edu.ar\/sitio\/wp-json\/wp\/v2\/comments?post=776"}],"version-history":[{"count":7,"href":"https:\/\/ifdcei-lrj.infd.edu.ar\/sitio\/wp-json\/wp\/v2\/pages\/776\/revisions"}],"predecessor-version":[{"id":1134,"href":"https:\/\/ifdcei-lrj.infd.edu.ar\/sitio\/wp-json\/wp\/v2\/pages\/776\/revisions\/1134"}],"wp:attachment":[{"href":"https:\/\/ifdcei-lrj.infd.edu.ar\/sitio\/wp-json\/wp\/v2\/media?parent=776"}],"curies":[{"name":"wp","href":"https:\/\/api.w.org\/{rel}","templated":true}]}}