{"id":774,"date":"2018-08-30T17:13:31","date_gmt":"2018-08-30T20:13:31","guid":{"rendered":"https:\/\/ifdcei-lrj.infd.edu.ar\/sitio\/datos-institucionales\/"},"modified":"2022-05-10T21:07:45","modified_gmt":"2022-05-11T00:07:45","slug":"datos-institucionales","status":"publish","type":"page","link":"https:\/\/ifdcei-lrj.infd.edu.ar\/sitio\/datos-institucionales\/","title":{"rendered":"Datos institucionales"},"content":{"rendered":"\n<h2 class=\"has-text-align-center has-vivid-green-cyan-color has-text-color has-large-font-size wp-block-heading\">INSTITUTO SUPERIOR DE FORMACI\u00d3N DOCENTE EN EDUCACI\u00d3N INICIAL \u00abROSARIO V. PE\u00d1ALOZA\u00bb<\/h2>\n\n\n\n<figure class=\"wp-block-gallery columns-1 is-cropped wp-block-gallery-1 is-layout-flex\"><ul class=\"blocks-gallery-grid\"><li class=\"blocks-gallery-item\"><figure><img decoding=\"async\" loading=\"lazy\" width=\"1900\" height=\"332\" src=\"https:\/\/ifdcei-lrj.infd.edu.ar\/sitio\/wp-content\/uploads\/2022\/05\/pngwing.com-1-1900x332.png\" alt=\"\" data-id=\"1109\" data-full-url=\"https:\/\/ifdcei-lrj.infd.edu.ar\/sitio\/wp-content\/uploads\/2022\/05\/pngwing.com-1.png\" data-link=\"https:\/\/ifdcei-lrj.infd.edu.ar\/sitio\/datos-institucionales\/pngwing-com-1\/#main\" class=\"wp-image-1109\" srcset=\"https:\/\/ifdcei-lrj.infd.edu.ar\/sitio\/wp-content\/uploads\/2022\/05\/pngwing.com-1-1900x332.png 1900w, https:\/\/ifdcei-lrj.infd.edu.ar\/sitio\/wp-content\/uploads\/2022\/05\/pngwing.com-1-1000x175.png 1000w, https:\/\/ifdcei-lrj.infd.edu.ar\/sitio\/wp-content\/uploads\/2022\/05\/pngwing.com-1-768x134.png 768w, https:\/\/ifdcei-lrj.infd.edu.ar\/sitio\/wp-content\/uploads\/2022\/05\/pngwing.com-1-1536x268.png 1536w, https:\/\/ifdcei-lrj.infd.edu.ar\/sitio\/wp-content\/uploads\/2022\/05\/pngwing.com-1-2048x357.png 2048w\" sizes=\"(max-width: 1900px) 100vw, 1900px\" \/><\/figure><\/li><\/ul><\/figure>\n\n\n\n<p><\/p>\n\n\n\n<p class=\"has-medium-font-size\"><img decoding=\"async\" loading=\"lazy\" width=\"301\" height=\"167\" class=\"wp-image-1101\" style=\"width: 50px;\" src=\"https:\/\/ifdcei-lrj.infd.edu.ar\/sitio\/wp-content\/uploads\/2022\/05\/Icono-de-horario.png\" alt=\"\">HORARIO DE ATENCI\u00d3N: de lunes a viernes de hs. 18:00 a horas 23:30<\/p>\n\n\n\n<p class=\"has-medium-font-size\"><img decoding=\"async\" loading=\"lazy\" width=\"225\" height=\"225\" class=\"wp-image-1102\" style=\"width: 40px;\" src=\"https:\/\/ifdcei-lrj.infd.edu.ar\/sitio\/wp-content\/uploads\/2022\/05\/Icono-de-ubicacion.jpg\" alt=\"\">DIRECCI\u00d3N: Sarmiento 68 &#8211; Chepes &#8211; La Rioja<\/p>\n\n\n\n<p class=\"has-medium-font-size\"><img decoding=\"async\" loading=\"lazy\" width=\"1000\" height=\"572\" class=\"wp-image-1103\" style=\"width: 50px;\" src=\"https:\/\/ifdcei-lrj.infd.edu.ar\/sitio\/wp-content\/uploads\/2022\/05\/Icono-de-telefono.png\" alt=\"\" srcset=\"https:\/\/ifdcei-lrj.infd.edu.ar\/sitio\/wp-content\/uploads\/2022\/05\/Icono-de-telefono.png 1000w, https:\/\/ifdcei-lrj.infd.edu.ar\/sitio\/wp-content\/uploads\/2022\/05\/Icono-de-telefono-768x439.png 768w\" sizes=\"(max-width: 1000px) 100vw, 1000px\" \/>TEL\u00c9FONO: 03821 &#8211; 421109<\/p>\n\n\n\n<p><img decoding=\"async\" loading=\"lazy\" width=\"301\" height=\"167\" class=\"wp-image-1104\" style=\"width: 50px;\" src=\"https:\/\/ifdcei-lrj.infd.edu.ar\/sitio\/wp-content\/uploads\/2022\/05\/Icono-de-arroba.png\" alt=\"\">E-MAIL: isfdrosarioverapchepes@gmail.com<\/p>\n\n\n\n<p class=\"has-medium-font-size\"><img decoding=\"async\" loading=\"lazy\" width=\"275\" height=\"183\" class=\"wp-image-1105\" style=\"width: 50px;\" src=\"https:\/\/ifdcei-lrj.infd.edu.ar\/sitio\/wp-content\/uploads\/2022\/05\/Icono-de-Internet.png\" alt=\"\">P\u00c1GINA WEB: www.ifdcei.infd.edu.ar<\/p>\n\n\n\n<p><\/p>\n\n\n<blockquote>\n<p style=\"text-align: center;\"><span style=\"font-size: 12pt;\"><strong><span style=\"color: #0000ff;\"><span style=\"font-family: verdana;\">&nbsp;<\/span><\/span><\/strong><\/span><\/p>\n<\/blockquote>","protected":false},"excerpt":{"rendered":"<p>INSTITUTO SUPERIOR DE FORMACI\u00d3N DOCENTE EN EDUCACI\u00d3N INICIAL \u00abROSARIO V. PE\u00d1ALOZA\u00bb HORARIO DE ATENCI\u00d3N: de lunes a viernes de hs. 18:00 a horas 23:30 DIRECCI\u00d3N: Sarmiento 68 &#8211; Chepes &#8211; La Rioja TEL\u00c9FONO: 03821 &#8211; 421109 E-MAIL: isfdrosarioverapchepes@gmail.com P\u00c1GINA WEB: www.ifdcei.infd.edu.ar &nbsp;<\/p>\n","protected":false},"author":176,"featured_media":0,"parent":0,"menu_order":0,"comment_status":"closed","ping_status":"closed","template":"","meta":[],"acf":[],"_links":{"self":[{"href":"https:\/\/ifdcei-lrj.infd.edu.ar\/sitio\/wp-json\/wp\/v2\/pages\/774"}],"collection":[{"href":"https:\/\/ifdcei-lrj.infd.edu.ar\/sitio\/wp-json\/wp\/v2\/pages"}],"about":[{"href":"https:\/\/ifdcei-lrj.infd.edu.ar\/sitio\/wp-json\/wp\/v2\/types\/page"}],"author":[{"embeddable":true,"href":"https:\/\/ifdcei-lrj.infd.edu.ar\/sitio\/wp-json\/wp\/v2\/users\/176"}],"replies":[{"embeddable":true,"href":"https:\/\/ifdcei-lrj.infd.edu.ar\/sitio\/wp-json\/wp\/v2\/comments?post=774"}],"version-history":[{"count":4,"href":"https:\/\/ifdcei-lrj.infd.edu.ar\/sitio\/wp-json\/wp\/v2\/pages\/774\/revisions"}],"predecessor-version":[{"id":1113,"href":"https:\/\/ifdcei-lrj.infd.edu.ar\/sitio\/wp-json\/wp\/v2\/pages\/774\/revisions\/1113"}],"wp:attachment":[{"href":"https:\/\/ifdcei-lrj.infd.edu.ar\/sitio\/wp-json\/wp\/v2\/media?parent=774"}],"curies":[{"name":"wp","href":"https:\/\/api.w.org\/{rel}","templated":true}]}}